{"id":1961,"date":"2021-05-30T10:54:33","date_gmt":"2021-05-28T10:54:33","guid":{"rendered":"https:\/\/portugaltravelguidesandmaps.com\/product\/porto-douro-minho-travel-guides\/"},"modified":"2022-03-10T17:11:23","modified_gmt":"2022-03-10T17:11:23","slug":"porto-douro-minho-travel-guides","status":"publish","type":"product","link":"https:\/\/portugaltravelguidesandmaps.com\/pt-pt\/produto\/porto-douro-minho-travel-guides\/","title":{"rendered":"Guia Tur\u00edstico do Porto, Douro e Minho"},"content":{"rendered":"","protected":false},"excerpt":{"rendered":"<p>Um guia indispens\u00e1vel para descobrir as terras do Minho onde Portugal nasceu. As joias monumentais do Porto, cobertas a azulejos e ouro, com os seus inesquec\u00edveis barcos rabelos que desde o espantoso mundo de socalcos do Alto Douro Vinhateiro, traziam o Vinho do Porto at\u00e9 \u00e0s Caves de Gaia, em frente ao bel\u00edssimo cais da Ribeira, ponto de partida para os famosos cruzeiros no rio Douro.<\/p>\n<p>N\u00ba P\u00e1ginas: 96.<br \/>\nFORMATO DE BOLSO: 205 mm x 130 mm<br \/>\nINCLUI: 12 Mapas de Cidades e Passeios na Regi\u00e3o do Douro (Hot\u00e9is, Restaurantes, Rotas tur\u00edsticas)<\/p>\n","protected":false},"featured_media":1964,"template":"","meta":[],"product_cat":[77],"product_tag":[],"class_list":{"0":"post-1961","1":"product","2":"type-product","3":"status-publish","4":"has-post-thumbnail","6":"product_cat-guias-turisticos","8":"first","9":"instock","10":"taxable","11":"shipping-taxable","12":"purchasable","13":"product-type-variable"},"_links":{"self":[{"href":"https:\/\/portugaltravelguidesandmaps.com\/pt-pt\/wp-json\/wp\/v2\/product\/1961","targetHints":{"allow":["GET"]}}],"collection":[{"href":"https:\/\/portugaltravelguidesandmaps.com\/pt-pt\/wp-json\/wp\/v2\/product"}],"about":[{"href":"https:\/\/portugaltravelguidesandmaps.com\/pt-pt\/wp-json\/wp\/v2\/types\/product"}],"wp:featuredmedia":[{"embeddable":true,"href":"https:\/\/portugaltravelguidesandmaps.com\/pt-pt\/wp-json\/wp\/v2\/media\/1964"}],"wp:attachment":[{"href":"https:\/\/portugaltravelguidesandmaps.com\/pt-pt\/wp-json\/wp\/v2\/media?parent=1961"}],"wp:term":[{"taxonomy":"product_cat","embeddable":true,"href":"https:\/\/portugaltravelguidesandmaps.com\/pt-pt\/wp-json\/wp\/v2\/product_cat?post=1961"},{"taxonomy":"product_tag","embeddable":true,"href":"https:\/\/portugaltravelguidesandmaps.com\/pt-pt\/wp-json\/wp\/v2\/product_tag?post=1961"}],"curies":[{"name":"wp","href":"https:\/\/api.w.org\/{rel}","templated":true}]}}