{"id":1957,"date":"2021-05-25T08:07:15","date_gmt":"2021-05-25T08:07:15","guid":{"rendered":"https:\/\/portugaltravelguidesandmaps.com\/product\/obidos-oeste-map-tourist-guide\/"},"modified":"2022-03-10T17:14:28","modified_gmt":"2022-03-10T17:14:28","slug":"obidos-oeste-map-tourist-guide","status":"publish","type":"product","link":"https:\/\/portugaltravelguidesandmaps.com\/pt-pt\/produto\/obidos-oeste-map-tourist-guide\/","title":{"rendered":"Mapa \u00d3bidos e Oeste + Guia"},"content":{"rendered":"","protected":false},"excerpt":{"rendered":"<p>\u00d3bidos \u00e9 uma das mais belas vilas medievais de Portugal, rodeada de muralhas desde<br \/>\n1148. Este mapa leva-o ao longo da beleza da Rua Direita, da Pra\u00e7a de Santa Maria at\u00e9<br \/>\nao Castelo e Pousada. At\u00e9 l\u00e1 \u00e9 um desfile de casas brancas desenhadas a azul, cobertas<br \/>\nde flores, com pequenos restaurantes e os bares de \u201cginjinha\u201d de \u00d3bidos. Depois \u00e9<br \/>\nseguir o mapa pelo Oeste de Portugal, perfumado de pomares, vinhedos e serras<br \/>\ndoces, onde os moinhos giram com a alegria do sol e de praias \u00fanicas, como a da<br \/>\nNazar\u00e9, S\u00e3o Martinho do Porto e, desde Peniche, at\u00e9 \u00e0s bel\u00edssimas Ilhas das Berlengas.<\/p>\n<p>APRESENTA\u00c7\u00c3O: Desdobragem f\u00e1cil<br \/>\nFORMATO DE BOLSO: 165 mm x 115 mm<br \/>\nLEGENDAGEM: English, Fran\u00e7ais, Espa\u00f1ol, Portugu\u00eas<\/p>\n","protected":false},"featured_media":1958,"template":"","meta":[],"product_cat":[87],"product_tag":[],"class_list":{"0":"post-1957","1":"product","2":"type-product","3":"status-publish","4":"has-post-thumbnail","6":"product_cat-mapas-turisticos","8":"first","9":"instock","10":"taxable","11":"shipping-taxable","12":"purchasable","13":"product-type-simple"},"_links":{"self":[{"href":"https:\/\/portugaltravelguidesandmaps.com\/pt-pt\/wp-json\/wp\/v2\/product\/1957","targetHints":{"allow":["GET"]}}],"collection":[{"href":"https:\/\/portugaltravelguidesandmaps.com\/pt-pt\/wp-json\/wp\/v2\/product"}],"about":[{"href":"https:\/\/portugaltravelguidesandmaps.com\/pt-pt\/wp-json\/wp\/v2\/types\/product"}],"wp:featuredmedia":[{"embeddable":true,"href":"https:\/\/portugaltravelguidesandmaps.com\/pt-pt\/wp-json\/wp\/v2\/media\/1958"}],"wp:attachment":[{"href":"https:\/\/portugaltravelguidesandmaps.com\/pt-pt\/wp-json\/wp\/v2\/media?parent=1957"}],"wp:term":[{"taxonomy":"product_cat","embeddable":true,"href":"https:\/\/portugaltravelguidesandmaps.com\/pt-pt\/wp-json\/wp\/v2\/product_cat?post=1957"},{"taxonomy":"product_tag","embeddable":true,"href":"https:\/\/portugaltravelguidesandmaps.com\/pt-pt\/wp-json\/wp\/v2\/product_tag?post=1957"}],"curies":[{"name":"wp","href":"https:\/\/api.w.org\/{rel}","templated":true}]}}