{"id":1955,"date":"2021-05-25T08:06:03","date_gmt":"2021-05-25T08:06:03","guid":{"rendered":"https:\/\/portugaltravelguidesandmaps.com\/product\/sintra-map-tourist-guide\/"},"modified":"2022-03-10T17:15:02","modified_gmt":"2022-03-10T17:15:02","slug":"sintra-map-tourist-guide","status":"publish","type":"product","link":"https:\/\/portugaltravelguidesandmaps.com\/pt-pt\/produto\/sintra-map-tourist-guide\/","title":{"rendered":"Mapa de Sintra + Guia"},"content":{"rendered":"","protected":false},"excerpt":{"rendered":"<p>Eleita pela UNESCO como Patrim\u00f3nio da Humanidade, tem neste Mapa todas as suas<br \/>\natra\u00e7\u00f5es naturais e monumentais que descem do espetacular Pal\u00e1cio da Pena e do<br \/>\nCastelo dos Mouros, pelos belos Parques da Pena e de Monserrate, ou pela not\u00e1vel<br \/>\nQuinta da Regaleira, at\u00e9 ao Pal\u00e1cio Nacional de Sintra, com as suas duas imponentes<br \/>\nchamin\u00e9s brancas, onde Cam\u00f5es em 1752 leu aos Reis de Portugal, pela primeira vez,<br \/>\nos Lus\u00edadas \u2013 o mais importante e \u00e9pico livro de Portugal. Depois saboreie os<br \/>\n\u201cTravesseiros\u201d e as \u201cQueijadas\u201d de Sintra , antes de ir a Colares, ao panorama das<br \/>\nAzenhas do Mar e ao Cabo da Roca \u2013 o ponto mais ocidental da Europa.<\/p>\n<p>APRESENTA\u00c7\u00c3O: Desdobragem f\u00e1cil, com capa de cartolina<br \/>\nFORMATO DE BOLSO: 175 mm x 125 mm<br \/>\nLEGENDAGEM: English, Fran\u00e7ais, Espa\u00f1ol, Portugu\u00eas<\/p>\n","protected":false},"featured_media":1956,"template":"","meta":[],"product_cat":[87],"product_tag":[],"class_list":{"0":"post-1955","1":"product","2":"type-product","3":"status-publish","4":"has-post-thumbnail","6":"product_cat-mapas-turisticos","8":"first","9":"instock","10":"taxable","11":"shipping-taxable","12":"purchasable","13":"product-type-simple"},"_links":{"self":[{"href":"https:\/\/portugaltravelguidesandmaps.com\/pt-pt\/wp-json\/wp\/v2\/product\/1955","targetHints":{"allow":["GET"]}}],"collection":[{"href":"https:\/\/portugaltravelguidesandmaps.com\/pt-pt\/wp-json\/wp\/v2\/product"}],"about":[{"href":"https:\/\/portugaltravelguidesandmaps.com\/pt-pt\/wp-json\/wp\/v2\/types\/product"}],"wp:featuredmedia":[{"embeddable":true,"href":"https:\/\/portugaltravelguidesandmaps.com\/pt-pt\/wp-json\/wp\/v2\/media\/1956"}],"wp:attachment":[{"href":"https:\/\/portugaltravelguidesandmaps.com\/pt-pt\/wp-json\/wp\/v2\/media?parent=1955"}],"wp:term":[{"taxonomy":"product_cat","embeddable":true,"href":"https:\/\/portugaltravelguidesandmaps.com\/pt-pt\/wp-json\/wp\/v2\/product_cat?post=1955"},{"taxonomy":"product_tag","embeddable":true,"href":"https:\/\/portugaltravelguidesandmaps.com\/pt-pt\/wp-json\/wp\/v2\/product_tag?post=1955"}],"curies":[{"name":"wp","href":"https:\/\/api.w.org\/{rel}","templated":true}]}}