{"id":1953,"date":"2021-05-25T08:04:55","date_gmt":"2021-05-25T08:04:55","guid":{"rendered":"https:\/\/portugaltravelguidesandmaps.com\/product\/cascais-estoril-map-tourist-guide\/"},"modified":"2022-03-10T17:15:30","modified_gmt":"2022-03-10T17:15:30","slug":"cascais-estoril-map-tourist-guide","status":"publish","type":"product","link":"https:\/\/portugaltravelguidesandmaps.com\/pt-pt\/produto\/cascais-estoril-map-tourist-guide\/","title":{"rendered":"Mapa de Cascais e Estoril Map + Guia"},"content":{"rendered":"","protected":false},"excerpt":{"rendered":"<p>O Mapa para descobrir o charme do mais vintage e famoso destino de f\u00e9rias de<br \/>\nPortugal, desde a II Guerra Mundial, quando o Casino do Estoril, constru\u00eddo em 1931,<br \/>\nmais tarde foi cen\u00e1rio do filme Casino Royal de James Bond, entre bel\u00edssimos hot\u00e9is e<br \/>\nas praias fant\u00e1sticas de Cascais. Sempre rodeadas de esplanadas, belas casas e ruas<br \/>\ncheias de anima\u00e7\u00e3o, bares e bons restaurantes at\u00e9 \u00e0 Praia da Ribeira e \u00e0 fortalezapousada<br \/>\nda Cidadela. Depois surge o encanto da Marina, o farol da Guia e a cole\u00e7\u00e3o de<br \/>\nrestaurantes junto ao mar, at\u00e9 \u00e0s emo\u00e7\u00f5es do kitesurf na Praia do Guincho.<\/p>\n<p>APRESENTA\u00c7\u00c3O: Desdobragem f\u00e1cil<br \/>\nFORMATO DE BOLSO: 210 mm x 85 mm<br \/>\nLEGENDAGEM: English, Fran\u00e7ais, Espa\u00f1ol, Portugu\u00eas<\/p>\n","protected":false},"featured_media":1954,"template":"","meta":[],"product_cat":[87],"product_tag":[],"class_list":{"0":"post-1953","1":"product","2":"type-product","3":"status-publish","4":"has-post-thumbnail","6":"product_cat-mapas-turisticos","8":"first","9":"instock","10":"taxable","11":"shipping-taxable","12":"purchasable","13":"product-type-simple"},"_links":{"self":[{"href":"https:\/\/portugaltravelguidesandmaps.com\/pt-pt\/wp-json\/wp\/v2\/product\/1953","targetHints":{"allow":["GET"]}}],"collection":[{"href":"https:\/\/portugaltravelguidesandmaps.com\/pt-pt\/wp-json\/wp\/v2\/product"}],"about":[{"href":"https:\/\/portugaltravelguidesandmaps.com\/pt-pt\/wp-json\/wp\/v2\/types\/product"}],"wp:featuredmedia":[{"embeddable":true,"href":"https:\/\/portugaltravelguidesandmaps.com\/pt-pt\/wp-json\/wp\/v2\/media\/1954"}],"wp:attachment":[{"href":"https:\/\/portugaltravelguidesandmaps.com\/pt-pt\/wp-json\/wp\/v2\/media?parent=1953"}],"wp:term":[{"taxonomy":"product_cat","embeddable":true,"href":"https:\/\/portugaltravelguidesandmaps.com\/pt-pt\/wp-json\/wp\/v2\/product_cat?post=1953"},{"taxonomy":"product_tag","embeddable":true,"href":"https:\/\/portugaltravelguidesandmaps.com\/pt-pt\/wp-json\/wp\/v2\/product_tag?post=1953"}],"curies":[{"name":"wp","href":"https:\/\/api.w.org\/{rel}","templated":true}]}}