{"id":1948,"date":"2021-05-24T21:42:48","date_gmt":"2021-05-24T21:42:48","guid":{"rendered":"https:\/\/portugaltravelguidesandmaps.com\/product\/tavira-map-tourist-guide\/"},"modified":"2022-03-10T17:17:13","modified_gmt":"2022-03-10T17:17:13","slug":"tavira-map-tourist-guide","status":"publish","type":"product","link":"https:\/\/portugaltravelguidesandmaps.com\/pt-pt\/produto\/tavira-map-tourist-guide\/","title":{"rendered":"Mapa de Tavira + Guia"},"content":{"rendered":"","protected":false},"excerpt":{"rendered":"<p>Mapa com completo guia tur\u00edstico sobre Tavira, e com os mapas de Cabanas de Tavira, das Pedras D\u2019El Rei e da in\u00e9dita Praia do Barril, com o seu pitoresco comboio tur\u00edstico. Em Tavira o mapa mostra-lhe os melhores percursos para passeios a p\u00e9 ou de bicicleta da ponte romana sobre o rio Gil\u00e3o, ao Castelo e \u00e0s suas belas igrejas e miradouros.<\/p>\n<p>APRESENTA\u00c7\u00c3O: Desdobragem f\u00e1cil<br \/>\nFORMATO DE BOLSO: 210 mm x 115 mm<br \/>\nLEGENDAGEM: English, Fran\u00e7ais, Espa\u00f1ol, Portugu\u00eas<\/p>\n","protected":false},"featured_media":1946,"template":"","meta":[],"product_cat":[87],"product_tag":[],"class_list":{"0":"post-1948","1":"product","2":"type-product","3":"status-publish","4":"has-post-thumbnail","6":"product_cat-mapas-turisticos","8":"first","9":"instock","10":"taxable","11":"shipping-taxable","12":"purchasable","13":"product-type-simple"},"_links":{"self":[{"href":"https:\/\/portugaltravelguidesandmaps.com\/pt-pt\/wp-json\/wp\/v2\/product\/1948","targetHints":{"allow":["GET"]}}],"collection":[{"href":"https:\/\/portugaltravelguidesandmaps.com\/pt-pt\/wp-json\/wp\/v2\/product"}],"about":[{"href":"https:\/\/portugaltravelguidesandmaps.com\/pt-pt\/wp-json\/wp\/v2\/types\/product"}],"wp:featuredmedia":[{"embeddable":true,"href":"https:\/\/portugaltravelguidesandmaps.com\/pt-pt\/wp-json\/wp\/v2\/media\/1946"}],"wp:attachment":[{"href":"https:\/\/portugaltravelguidesandmaps.com\/pt-pt\/wp-json\/wp\/v2\/media?parent=1948"}],"wp:term":[{"taxonomy":"product_cat","embeddable":true,"href":"https:\/\/portugaltravelguidesandmaps.com\/pt-pt\/wp-json\/wp\/v2\/product_cat?post=1948"},{"taxonomy":"product_tag","embeddable":true,"href":"https:\/\/portugaltravelguidesandmaps.com\/pt-pt\/wp-json\/wp\/v2\/product_tag?post=1948"}],"curies":[{"name":"wp","href":"https:\/\/api.w.org\/{rel}","templated":true}]}}