{"id":1940,"date":"2021-05-24T21:39:53","date_gmt":"2021-05-24T21:39:53","guid":{"rendered":"https:\/\/portugaltravelguidesandmaps.com\/product\/faro-map-tourist-guide-2\/"},"modified":"2022-03-10T17:19:18","modified_gmt":"2022-03-10T17:19:18","slug":"faro-map-tourist-guide-2","status":"publish","type":"product","link":"https:\/\/portugaltravelguidesandmaps.com\/pt-pt\/produto\/faro-map-tourist-guide-2\/","title":{"rendered":"Mapa de Arma\u00e7\u00e3o de P\u00eara + Guia"},"content":{"rendered":"","protected":false},"excerpt":{"rendered":"<p>Um grande destino de f\u00e9rias de sol e praia, golfe, desportos aqu\u00e1ticos, com alguns dos<br \/>\nmais luxuosos resorts do Algarve, ou uma das belas praias de Portugal que este mapa<br \/>\nlhe vai mostrar \u00e0 volta do promont\u00f3rio e da Capela da Senhora da Rocha.<\/p>\n<p>APRESENTA\u00c7\u00c3O: Desdobragem f\u00e1cil, com capa de cartolina.<br \/>\nFORMATO DE BOLSO: 180 mm x 115 mm.<br \/>\nLEGENDAGEM: English, Fran\u00e7ais, Espa\u00f1ol, Portugu\u00eas<\/p>\n","protected":false},"featured_media":1941,"template":"","meta":[],"product_cat":[87],"product_tag":[],"class_list":{"0":"post-1940","1":"product","2":"type-product","3":"status-publish","4":"has-post-thumbnail","6":"product_cat-mapas-turisticos","8":"first","9":"instock","10":"taxable","11":"shipping-taxable","12":"purchasable","13":"product-type-simple"},"_links":{"self":[{"href":"https:\/\/portugaltravelguidesandmaps.com\/pt-pt\/wp-json\/wp\/v2\/product\/1940","targetHints":{"allow":["GET"]}}],"collection":[{"href":"https:\/\/portugaltravelguidesandmaps.com\/pt-pt\/wp-json\/wp\/v2\/product"}],"about":[{"href":"https:\/\/portugaltravelguidesandmaps.com\/pt-pt\/wp-json\/wp\/v2\/types\/product"}],"wp:featuredmedia":[{"embeddable":true,"href":"https:\/\/portugaltravelguidesandmaps.com\/pt-pt\/wp-json\/wp\/v2\/media\/1941"}],"wp:attachment":[{"href":"https:\/\/portugaltravelguidesandmaps.com\/pt-pt\/wp-json\/wp\/v2\/media?parent=1940"}],"wp:term":[{"taxonomy":"product_cat","embeddable":true,"href":"https:\/\/portugaltravelguidesandmaps.com\/pt-pt\/wp-json\/wp\/v2\/product_cat?post=1940"},{"taxonomy":"product_tag","embeddable":true,"href":"https:\/\/portugaltravelguidesandmaps.com\/pt-pt\/wp-json\/wp\/v2\/product_tag?post=1940"}],"curies":[{"name":"wp","href":"https:\/\/api.w.org\/{rel}","templated":true}]}}