{"id":1938,"date":"2021-05-24T21:39:17","date_gmt":"2021-05-24T21:39:17","guid":{"rendered":"https:\/\/portugaltravelguidesandmaps.com\/product\/faro-map-tourist-guide\/"},"modified":"2022-03-10T17:19:47","modified_gmt":"2022-03-10T17:19:47","slug":"faro-map-tourist-guide","status":"publish","type":"product","link":"https:\/\/portugaltravelguidesandmaps.com\/pt-pt\/produto\/faro-map-tourist-guide\/","title":{"rendered":"Mapa de Faro + Guia"},"content":{"rendered":"","protected":false},"excerpt":{"rendered":"<p>Apresenta um mapa do Aeroporto Internacional de Faro, das liga\u00e7\u00f5es rodovi\u00e1rias \u00e0<br \/>\nAuto-Estrada A22, a todo o Algarve e ao bel\u00edssimo centro hist\u00f3rico de Faro, rodeado<br \/>\nde fortes muralhas, com a S\u00e9 Catedral ao seu cora\u00e7\u00e3o e \u00e0 beira do cais dos cruzeiros<br \/>\npela Ria Formosa e dias de praia inesquec\u00edveis, nas Ilhas da Culatra ou na Deserta, as<br \/>\nduas praias mais a Sul de Portugal Continental.<\/p>\n<p>APRESENTA\u00c7\u00c3O: Desdobragem f\u00e1cil<br \/>\nFORMATO DE BOLSO: 230 mm x 105 mm<br \/>\nLEGENDAGEM: English, Fran\u00e7ais, Espa\u00f1ol, Portugu\u00eas<\/p>\n","protected":false},"featured_media":1939,"template":"","meta":[],"product_cat":[87],"product_tag":[],"class_list":{"0":"post-1938","1":"product","2":"type-product","3":"status-publish","4":"has-post-thumbnail","6":"product_cat-mapas-turisticos","8":"first","9":"instock","10":"taxable","11":"shipping-taxable","12":"purchasable","13":"product-type-simple"},"_links":{"self":[{"href":"https:\/\/portugaltravelguidesandmaps.com\/pt-pt\/wp-json\/wp\/v2\/product\/1938","targetHints":{"allow":["GET"]}}],"collection":[{"href":"https:\/\/portugaltravelguidesandmaps.com\/pt-pt\/wp-json\/wp\/v2\/product"}],"about":[{"href":"https:\/\/portugaltravelguidesandmaps.com\/pt-pt\/wp-json\/wp\/v2\/types\/product"}],"wp:featuredmedia":[{"embeddable":true,"href":"https:\/\/portugaltravelguidesandmaps.com\/pt-pt\/wp-json\/wp\/v2\/media\/1939"}],"wp:attachment":[{"href":"https:\/\/portugaltravelguidesandmaps.com\/pt-pt\/wp-json\/wp\/v2\/media?parent=1938"}],"wp:term":[{"taxonomy":"product_cat","embeddable":true,"href":"https:\/\/portugaltravelguidesandmaps.com\/pt-pt\/wp-json\/wp\/v2\/product_cat?post=1938"},{"taxonomy":"product_tag","embeddable":true,"href":"https:\/\/portugaltravelguidesandmaps.com\/pt-pt\/wp-json\/wp\/v2\/product_tag?post=1938"}],"curies":[{"name":"wp","href":"https:\/\/api.w.org\/{rel}","templated":true}]}}