{"id":1930,"date":"2021-05-29T22:00:20","date_gmt":"2021-05-24T21:36:20","guid":{"rendered":"https:\/\/portugaltravelguidesandmaps.com\/product\/algarve-map-tourist-guide\/"},"modified":"2022-03-10T17:12:16","modified_gmt":"2022-03-10T17:12:16","slug":"algarve-map-tourist-guide","status":"publish","type":"product","link":"https:\/\/portugaltravelguidesandmaps.com\/pt-pt\/produto\/algarve-map-tourist-guide\/","title":{"rendered":"Mapa do Algarve + Guia"},"content":{"rendered":"","protected":false},"excerpt":{"rendered":"<p>\u00c9 o mapa para descobrir facilmente o melhor que o Algarve tem para oferecer. As praias id\u00edlicas rodeadas de grutas de sonho. Resorts e campos de golfe a olhar o mar. Depois descer da F\u00f3ia, o ponto mais alto do Algarve, na Serra de Monchique, at\u00e9 aos encantos hist\u00f3ricos de Lagos, Sagres, Silves Loul\u00e9 ou Tavira, sempre a viajar ao longo da costa por entre aldeias brancas de pescadores, para provar o peixe grelhado as cataplanas, ou saborear o p\u00f4r-do-sol e as noites quentes de Albufeira ou Vilamoura. Tem mapas detalhados da regi\u00e3o central do Algarve, do Aeroporto de Faro, Portim\u00e3o, Albufeira e Faro.<\/p>\n<p>APRESENTA\u00c7\u00c3O: Desdobragem f\u00e1cil, com capa de cartolina<br \/>\nFORMATO: 260 mm x 125 mm<br \/>\nLEGENDAGEM: English, Fran\u00e7ais, Espa\u00f1ol, Portugu\u00eas<\/p>\n","protected":false},"featured_media":1931,"template":"","meta":[],"product_cat":[87],"product_tag":[],"class_list":{"0":"post-1930","1":"product","2":"type-product","3":"status-publish","4":"has-post-thumbnail","6":"product_cat-mapas-turisticos","8":"first","9":"instock","10":"taxable","11":"shipping-taxable","12":"purchasable","13":"product-type-simple"},"_links":{"self":[{"href":"https:\/\/portugaltravelguidesandmaps.com\/pt-pt\/wp-json\/wp\/v2\/product\/1930","targetHints":{"allow":["GET"]}}],"collection":[{"href":"https:\/\/portugaltravelguidesandmaps.com\/pt-pt\/wp-json\/wp\/v2\/product"}],"about":[{"href":"https:\/\/portugaltravelguidesandmaps.com\/pt-pt\/wp-json\/wp\/v2\/types\/product"}],"wp:featuredmedia":[{"embeddable":true,"href":"https:\/\/portugaltravelguidesandmaps.com\/pt-pt\/wp-json\/wp\/v2\/media\/1931"}],"wp:attachment":[{"href":"https:\/\/portugaltravelguidesandmaps.com\/pt-pt\/wp-json\/wp\/v2\/media?parent=1930"}],"wp:term":[{"taxonomy":"product_cat","embeddable":true,"href":"https:\/\/portugaltravelguidesandmaps.com\/pt-pt\/wp-json\/wp\/v2\/product_cat?post=1930"},{"taxonomy":"product_tag","embeddable":true,"href":"https:\/\/portugaltravelguidesandmaps.com\/pt-pt\/wp-json\/wp\/v2\/product_tag?post=1930"}],"curies":[{"name":"wp","href":"https:\/\/api.w.org\/{rel}","templated":true}]}}