{"id":1914,"date":"2021-06-01T22:17:53","date_gmt":"2021-05-24T21:29:53","guid":{"rendered":"https:\/\/portugaltravelguidesandmaps.com\/product\/europe-map\/"},"modified":"2022-03-10T17:05:06","modified_gmt":"2022-03-10T17:05:06","slug":"europe-map","status":"publish","type":"product","link":"https:\/\/portugaltravelguidesandmaps.com\/pt-pt\/produto\/europe-map\/","title":{"rendered":"Mapa da Europa"},"content":{"rendered":"","protected":false},"excerpt":{"rendered":"<p>Apresenta o melhor layout cartogr\u00e1fico da rede Europeia de estradas. \u00c9 um mapa<br \/>\nindispens\u00e1vel para planear a sua viagem na Europa.<\/p>\n<p>APRESENTA\u00c7\u00c3O: Desdobragem f\u00e1cil, com capa de cartolin<br \/>\nFORMATO: 210 mm x 120 mm<br \/>\nLEGENDAGEM: English, Fran\u00e7ais, Espa\u00f1ol, Portugu\u00eas<\/p>\n","protected":false},"featured_media":1915,"template":"","meta":[],"product_cat":[87],"product_tag":[],"class_list":{"0":"post-1914","1":"product","2":"type-product","3":"status-publish","4":"has-post-thumbnail","6":"product_cat-mapas-turisticos","8":"first","9":"instock","10":"taxable","11":"shipping-taxable","12":"purchasable","13":"product-type-simple"},"_links":{"self":[{"href":"https:\/\/portugaltravelguidesandmaps.com\/pt-pt\/wp-json\/wp\/v2\/product\/1914","targetHints":{"allow":["GET"]}}],"collection":[{"href":"https:\/\/portugaltravelguidesandmaps.com\/pt-pt\/wp-json\/wp\/v2\/product"}],"about":[{"href":"https:\/\/portugaltravelguidesandmaps.com\/pt-pt\/wp-json\/wp\/v2\/types\/product"}],"wp:featuredmedia":[{"embeddable":true,"href":"https:\/\/portugaltravelguidesandmaps.com\/pt-pt\/wp-json\/wp\/v2\/media\/1915"}],"wp:attachment":[{"href":"https:\/\/portugaltravelguidesandmaps.com\/pt-pt\/wp-json\/wp\/v2\/media?parent=1914"}],"wp:term":[{"taxonomy":"product_cat","embeddable":true,"href":"https:\/\/portugaltravelguidesandmaps.com\/pt-pt\/wp-json\/wp\/v2\/product_cat?post=1914"},{"taxonomy":"product_tag","embeddable":true,"href":"https:\/\/portugaltravelguidesandmaps.com\/pt-pt\/wp-json\/wp\/v2\/product_tag?post=1914"}],"curies":[{"name":"wp","href":"https:\/\/api.w.org\/{rel}","templated":true}]}}