{"id":1912,"date":"2021-06-01T22:18:39","date_gmt":"2021-05-24T21:28:39","guid":{"rendered":"https:\/\/portugaltravelguidesandmaps.com\/product\/espana-map\/"},"modified":"2022-03-10T17:04:38","modified_gmt":"2022-03-10T17:04:38","slug":"espana-map","status":"publish","type":"product","link":"https:\/\/portugaltravelguidesandmaps.com\/pt-pt\/produto\/espana-map\/","title":{"rendered":"Mapa de Espanha"},"content":{"rendered":"","protected":false},"excerpt":{"rendered":"<p>O melhor e mais atualizado mapa de estradas e tur\u00edstico de Espanha que o vai levar \u00e0s mais belas localidades tur\u00edsticas e \u00e0s melhores praias. Inclui o Sul de Fran\u00e7a, Ilhas Baleares e Portugal.<\/p>\n<p>APRESENTA\u00c7\u00c3O: Desdobragem f\u00e1cil, com capa de cartolina<br \/>\nFORMATO: 265 mm x 135 mm<br \/>\nLEGENDAGEM: English, Fran\u00e7ais, Espa\u00f1ol, Portugu\u00eas<\/p>\n","protected":false},"featured_media":1913,"template":"","meta":[],"product_cat":[87],"product_tag":[],"class_list":{"0":"post-1912","1":"product","2":"type-product","3":"status-publish","4":"has-post-thumbnail","6":"product_cat-mapas-turisticos","8":"first","9":"instock","10":"taxable","11":"shipping-taxable","12":"purchasable","13":"product-type-simple"},"_links":{"self":[{"href":"https:\/\/portugaltravelguidesandmaps.com\/pt-pt\/wp-json\/wp\/v2\/product\/1912","targetHints":{"allow":["GET"]}}],"collection":[{"href":"https:\/\/portugaltravelguidesandmaps.com\/pt-pt\/wp-json\/wp\/v2\/product"}],"about":[{"href":"https:\/\/portugaltravelguidesandmaps.com\/pt-pt\/wp-json\/wp\/v2\/types\/product"}],"wp:featuredmedia":[{"embeddable":true,"href":"https:\/\/portugaltravelguidesandmaps.com\/pt-pt\/wp-json\/wp\/v2\/media\/1913"}],"wp:attachment":[{"href":"https:\/\/portugaltravelguidesandmaps.com\/pt-pt\/wp-json\/wp\/v2\/media?parent=1912"}],"wp:term":[{"taxonomy":"product_cat","embeddable":true,"href":"https:\/\/portugaltravelguidesandmaps.com\/pt-pt\/wp-json\/wp\/v2\/product_cat?post=1912"},{"taxonomy":"product_tag","embeddable":true,"href":"https:\/\/portugaltravelguidesandmaps.com\/pt-pt\/wp-json\/wp\/v2\/product_tag?post=1912"}],"curies":[{"name":"wp","href":"https:\/\/api.w.org\/{rel}","templated":true}]}}