{"id":1865,"date":"2021-05-30T17:12:11","date_gmt":"2021-05-30T17:12:11","guid":{"rendered":"https:\/\/portugaltravelguidesandmaps.com\/product\/lisboa-tourist-book\/"},"modified":"2022-03-10T17:10:19","modified_gmt":"2022-03-10T17:10:19","slug":"lisboa-tourist-book","status":"publish","type":"product","link":"https:\/\/portugaltravelguidesandmaps.com\/pt-pt\/produto\/lisboa-tourist-book\/","title":{"rendered":"Livro Tur\u00edstico de Lisboa"},"content":{"rendered":"","protected":false},"excerpt":{"rendered":"<p>O guia de uma das mais belas cidades da Europa que descreve todos os detalhes dos seus famosos monumentos \u2013 Torre de Bel\u00e9m, Mosteiro dos Jer\u00f3nimos, a not\u00e1vel S\u00e9 de Lisboa ou a Igreja onde nasceu Santo Ant\u00f3nio. Tem os mapas para passear a p\u00e9 ou nos nossos t\u00edpicos el\u00e9tricos para conhecer a cidade como um local, pela Baixa de Lisboa, o Chiado, ou pela hist\u00f3rica Pra\u00e7a do Com\u00e9rcio, debru\u00e7ada sobre o rio Tejo, tal como os espantosos miradouros de Alfama, do Bairro Alto ou da Bica, onde mora o Fado \u2013 a Alma de Lisboa.<\/p>\n<p>N\u00ba P\u00e1ginas: 96<br \/>\nFORMATO DE BOLSO: 205 mm x 130 mm<br \/>\nINCLUI: 12 Mapas de Monumentos e Passeios pelos Bairros t\u00edpicos de Lisboa<\/p>\n","protected":false},"featured_media":1866,"template":"","meta":[],"product_cat":[77],"product_tag":[],"class_list":{"0":"post-1865","1":"product","2":"type-product","3":"status-publish","4":"has-post-thumbnail","6":"product_cat-guias-turisticos","8":"first","9":"instock","10":"taxable","11":"shipping-taxable","12":"purchasable","13":"product-type-variable"},"_links":{"self":[{"href":"https:\/\/portugaltravelguidesandmaps.com\/pt-pt\/wp-json\/wp\/v2\/product\/1865","targetHints":{"allow":["GET"]}}],"collection":[{"href":"https:\/\/portugaltravelguidesandmaps.com\/pt-pt\/wp-json\/wp\/v2\/product"}],"about":[{"href":"https:\/\/portugaltravelguidesandmaps.com\/pt-pt\/wp-json\/wp\/v2\/types\/product"}],"wp:featuredmedia":[{"embeddable":true,"href":"https:\/\/portugaltravelguidesandmaps.com\/pt-pt\/wp-json\/wp\/v2\/media\/1866"}],"wp:attachment":[{"href":"https:\/\/portugaltravelguidesandmaps.com\/pt-pt\/wp-json\/wp\/v2\/media?parent=1865"}],"wp:term":[{"taxonomy":"product_cat","embeddable":true,"href":"https:\/\/portugaltravelguidesandmaps.com\/pt-pt\/wp-json\/wp\/v2\/product_cat?post=1865"},{"taxonomy":"product_tag","embeddable":true,"href":"https:\/\/portugaltravelguidesandmaps.com\/pt-pt\/wp-json\/wp\/v2\/product_tag?post=1865"}],"curies":[{"name":"wp","href":"https:\/\/api.w.org\/{rel}","templated":true}]}}